{"id":469,"date":"2026-03-17T19:22:19","date_gmt":"2026-03-17T18:22:19","guid":{"rendered":"https:\/\/concept-fermetures.creawebcyr.fr\/?page_id=469"},"modified":"2026-04-15T21:38:02","modified_gmt":"2026-04-15T19:38:02","slug":"a-propos-de-nous","status":"publish","type":"page","link":"https:\/\/concept-fermetures-corse.fr\/?page_id=469","title":{"rendered":"\u00c0 propos de nous"},"content":{"rendered":"\t\t<div data-elementor-type=\"wp-page\" data-elementor-id=\"469\" class=\"elementor elementor-469\">\n\t\t\t\t<div class=\"elementor-element elementor-element-119df9e e-con-full e-flex wpr-particle-no wpr-jarallax-no wpr-parallax-no wpr-sticky-section-no wpr-equal-height-no e-con e-parent\" data-id=\"119df9e\" data-element_type=\"container\" data-e-type=\"container\">\n\t\t<div class=\"elementor-element elementor-element-5bf33b2 e-con-full e-flex wpr-particle-no wpr-jarallax-no wpr-parallax-no wpr-sticky-section-no wpr-equal-height-no e-con e-child\" data-id=\"5bf33b2\" data-element_type=\"container\" data-e-type=\"container\">\n\t\t\t\t<div class=\"elementor-element elementor-element-dcc8d15 elementor-widget elementor-widget-image\" data-id=\"dcc8d15\" data-element_type=\"widget\" data-e-type=\"widget\" data-widget_type=\"image.default\">\n\t\t\t\t\t\t\t\t\t\t\t\t\t\t\t<img fetchpriority=\"high\" decoding=\"async\" width=\"512\" height=\"512\" src=\"https:\/\/concept-fermetures-corse.fr\/wp-content\/uploads\/2026\/03\/cropped-Logo-2.webp\" class=\"attachment-medium_large size-medium_large wp-image-303\" alt=\"\" srcset=\"https:\/\/concept-fermetures-corse.fr\/wp-content\/uploads\/2026\/03\/cropped-Logo-2.webp 512w, https:\/\/concept-fermetures-corse.fr\/wp-content\/uploads\/2026\/03\/cropped-Logo-2-300x300.webp 300w, https:\/\/concept-fermetures-corse.fr\/wp-content\/uploads\/2026\/03\/cropped-Logo-2-150x150.webp 150w, https:\/\/concept-fermetures-corse.fr\/wp-content\/uploads\/2026\/03\/cropped-Logo-2-270x270.webp 270w, https:\/\/concept-fermetures-corse.fr\/wp-content\/uploads\/2026\/03\/cropped-Logo-2-192x192.webp 192w, https:\/\/concept-fermetures-corse.fr\/wp-content\/uploads\/2026\/03\/cropped-Logo-2-180x180.webp 180w, https:\/\/concept-fermetures-corse.fr\/wp-content\/uploads\/2026\/03\/cropped-Logo-2-32x32.webp 32w\" sizes=\"(max-width: 512px) 100vw, 512px\" \/>\t\t\t\t\t\t\t\t\t\t\t\t\t\t\t<\/div>\n\t\t\t\t<\/div>\n\t\t<div class=\"elementor-element elementor-element-2edbf39 e-con-full e-flex wpr-particle-no wpr-jarallax-no wpr-parallax-no wpr-sticky-section-no wpr-equal-height-no e-con e-child\" data-id=\"2edbf39\" data-element_type=\"container\" data-e-type=\"container\">\n\t\t<div class=\"elementor-element elementor-element-6168d82 e-con-full e-flex wpr-particle-no wpr-jarallax-no wpr-parallax-no wpr-sticky-section-no wpr-equal-height-no e-con e-child\" data-id=\"6168d82\" data-element_type=\"container\" data-e-type=\"container\">\n\t\t<div class=\"elementor-element elementor-element-5d0ec3b e-con-full e-flex wpr-particle-no wpr-jarallax-no wpr-parallax-no wpr-sticky-section-no wpr-equal-height-no e-con e-child\" data-id=\"5d0ec3b\" data-element_type=\"container\" data-e-type=\"container\">\n\t\t\t\t<div class=\"elementor-element elementor-element-50a84ae elementor-widget elementor-widget-heading\" data-id=\"50a84ae\" data-element_type=\"widget\" data-e-type=\"widget\" data-widget_type=\"heading.default\">\n\t\t\t\t\t<h1 class=\"elementor-heading-title elementor-size-default\">Des solutions pour vos fermetures de maison &amp; Villa !<\/h1>\t\t\t\t<\/div>\n\t\t\t\t<\/div>\n\t\t\t\t<\/div>\n\t\t\t\t<\/div>\n\t\t\t\t<\/div>\n\t\t<div class=\"elementor-element elementor-element-985514a e-con-full e-flex wpr-particle-no wpr-jarallax-no wpr-parallax-no wpr-sticky-section-no wpr-equal-height-no e-con e-parent\" data-id=\"985514a\" data-element_type=\"container\" data-e-type=\"container\">\n\t\t<div class=\"elementor-element elementor-element-6146ccc e-flex e-con-boxed wpr-particle-no wpr-jarallax-no wpr-parallax-no wpr-sticky-section-no wpr-equal-height-no e-con e-child\" data-id=\"6146ccc\" data-element_type=\"container\" data-e-type=\"container\">\n\t\t\t\t\t<div class=\"e-con-inner\">\n\t\t\t\t<div class=\"elementor-element elementor-element-9632ffd wpr-main-menu-align-center wpr-main-menu-align--tabletleft wpr-main-menu-align--mobileleft wpr-pointer-underline wpr-pointer-line-fx wpr-pointer-fx-fade wpr-sub-icon-caret-down wpr-sub-menu-fx-fade wpr-nav-menu-bp-mobile wpr-mobile-menu-full-width wpr-mobile-menu-item-align-center wpr-mobile-toggle-v1 wpr-sub-divider-yes wpr-mobile-divider-yes elementor-widget elementor-widget-wpr-nav-menu\" data-id=\"9632ffd\" data-element_type=\"widget\" data-e-type=\"widget\" data-settings=\"{&quot;menu_layout&quot;:&quot;horizontal&quot;}\" data-widget_type=\"wpr-nav-menu.default\">\n\t\t\t\t\t<nav class=\"wpr-nav-menu-container wpr-nav-menu-horizontal\" data-trigger=\"hover\" data-consider-header=\"\" data-scroll-speed=\"500\"><ul id=\"menu-1-9632ffd\" class=\"wpr-nav-menu\"><li class=\"menu-item menu-item-type-post_type menu-item-object-page menu-item-home menu-item-457\"><a href=\"https:\/\/concept-fermetures-corse.fr\/\" class=\"wpr-menu-item wpr-pointer-item\">Accueil<\/a><\/li>\n<li class=\"menu-item menu-item-type-post_type menu-item-object-page menu-item-486\"><a href=\"https:\/\/concept-fermetures-corse.fr\/?page_id=469\" class=\"wpr-menu-item wpr-pointer-item\">\u00c0 propos de nous<\/a><\/li>\n<li class=\"menu-item menu-item-type-post_type menu-item-object-page menu-item-458\"><a href=\"https:\/\/concept-fermetures-corse.fr\/?page_id=119\" class=\"wpr-menu-item wpr-pointer-item\">Aluminium haute qualit\u00e9<\/a><\/li>\n<li class=\"menu-item menu-item-type-post_type menu-item-object-page menu-item-484\"><a href=\"https:\/\/concept-fermetures-corse.fr\/?page_id=473\" class=\"wpr-menu-item wpr-pointer-item\">Nos R\u00e9alisations<\/a><\/li>\n<li class=\"menu-item menu-item-type-post_type menu-item-object-page menu-item-485\"><a href=\"https:\/\/concept-fermetures-corse.fr\/?page_id=471\" class=\"wpr-menu-item wpr-pointer-item\">L&rsquo;atelier<\/a><\/li>\n<li class=\"menu-item menu-item-type-post_type menu-item-object-page menu-item-460\"><a href=\"https:\/\/concept-fermetures-corse.fr\/?page_id=62\" class=\"wpr-menu-item wpr-pointer-item\">Nos Services<\/a><\/li>\n<li class=\"menu-item menu-item-type-post_type menu-item-object-page menu-item-459\"><a href=\"https:\/\/concept-fermetures-corse.fr\/?page_id=89\" class=\"wpr-menu-item wpr-pointer-item\">Nous contacter<\/a><\/li>\n<\/ul><\/nav><nav class=\"wpr-mobile-nav-menu-container\"><div class=\"wpr-mobile-toggle-wrap\"><div class=\"wpr-mobile-toggle\"><span class=\"wpr-mobile-toggle-line\"><\/span><span class=\"wpr-mobile-toggle-line\"><\/span><span class=\"wpr-mobile-toggle-line\"><\/span><\/div><\/div><ul id=\"mobile-menu-2-9632ffd\" class=\"wpr-mobile-nav-menu\"><li class=\"menu-item menu-item-type-post_type menu-item-object-page menu-item-home menu-item-457\"><a href=\"https:\/\/concept-fermetures-corse.fr\/\" class=\"wpr-mobile-menu-item\">Accueil<\/a><\/li>\n<li class=\"menu-item menu-item-type-post_type menu-item-object-page menu-item-486\"><a href=\"https:\/\/concept-fermetures-corse.fr\/?page_id=469\" class=\"wpr-mobile-menu-item\">\u00c0 propos de nous<\/a><\/li>\n<li class=\"menu-item menu-item-type-post_type menu-item-object-page menu-item-458\"><a href=\"https:\/\/concept-fermetures-corse.fr\/?page_id=119\" class=\"wpr-mobile-menu-item\">Aluminium haute qualit\u00e9<\/a><\/li>\n<li class=\"menu-item menu-item-type-post_type menu-item-object-page menu-item-484\"><a href=\"https:\/\/concept-fermetures-corse.fr\/?page_id=473\" class=\"wpr-mobile-menu-item\">Nos R\u00e9alisations<\/a><\/li>\n<li class=\"menu-item menu-item-type-post_type menu-item-object-page menu-item-485\"><a href=\"https:\/\/concept-fermetures-corse.fr\/?page_id=471\" class=\"wpr-mobile-menu-item\">L&rsquo;atelier<\/a><\/li>\n<li class=\"menu-item menu-item-type-post_type menu-item-object-page menu-item-460\"><a href=\"https:\/\/concept-fermetures-corse.fr\/?page_id=62\" class=\"wpr-mobile-menu-item\">Nos Services<\/a><\/li>\n<li class=\"menu-item menu-item-type-post_type menu-item-object-page menu-item-459\"><a href=\"https:\/\/concept-fermetures-corse.fr\/?page_id=89\" class=\"wpr-mobile-menu-item\">Nous contacter<\/a><\/li>\n<\/ul><\/nav>\t\t\t\t<\/div>\n\t\t\t\t\t<\/div>\n\t\t\t\t<\/div>\n\t\t\t\t<div class=\"elementor-element elementor-element-845b48e elementor-widget__width-inherit elementor-widget elementor-widget-heading\" data-id=\"845b48e\" data-element_type=\"widget\" data-e-type=\"widget\" data-widget_type=\"heading.default\">\n\t\t\t\t\t<h2 class=\"elementor-heading-title elementor-size-default\">Histoire et Engagement de \"Concept-Fermetures Corse\"<\/h2>\t\t\t\t<\/div>\n\t\t\t\t<\/div>\n\t\t<div class=\"elementor-element elementor-element-6ccf486 e-flex e-con-boxed wpr-particle-no wpr-jarallax-no wpr-parallax-no wpr-sticky-section-no wpr-equal-height-no e-con e-parent\" data-id=\"6ccf486\" data-element_type=\"container\" data-e-type=\"container\">\n\t\t\t\t\t<div class=\"e-con-inner\">\n\t\t\t\t<div class=\"elementor-element elementor-element-a3f09aa elementor-widget elementor-widget-image\" data-id=\"a3f09aa\" data-element_type=\"widget\" data-e-type=\"widget\" data-widget_type=\"image.default\">\n\t\t\t\t\t\t\t\t\t\t\t\t\t\t\t<img decoding=\"async\" width=\"768\" height=\"605\" src=\"https:\/\/concept-fermetures-corse.fr\/wp-content\/uploads\/2026\/03\/Volet-Pub-768x605.webp\" class=\"attachment-medium_large size-medium_large wp-image-504\" alt=\"\" srcset=\"https:\/\/concept-fermetures-corse.fr\/wp-content\/uploads\/2026\/03\/Volet-Pub-768x605.webp 768w, https:\/\/concept-fermetures-corse.fr\/wp-content\/uploads\/2026\/03\/Volet-Pub-300x236.webp 300w, https:\/\/concept-fermetures-corse.fr\/wp-content\/uploads\/2026\/03\/Volet-Pub.webp 1024w\" sizes=\"(max-width: 768px) 100vw, 768px\" \/>\t\t\t\t\t\t\t\t\t\t\t\t\t\t\t<\/div>\n\t\t\t\t\t<\/div>\n\t\t\t\t<\/div>\n\t\t<div class=\"elementor-element elementor-element-0e024e8 e-flex e-con-boxed wpr-particle-no wpr-jarallax-no wpr-parallax-no wpr-sticky-section-no wpr-equal-height-no e-con e-parent\" data-id=\"0e024e8\" data-element_type=\"container\" data-e-type=\"container\">\n\t\t\t\t\t<div class=\"e-con-inner\">\n\t\t\t\t<div class=\"elementor-element elementor-element-5ef6a20 elementor-widget elementor-widget-text-editor\" data-id=\"5ef6a20\" data-element_type=\"widget\" data-e-type=\"widget\" data-widget_type=\"text-editor.default\">\n\t\t\t\t\t\t\t\t\t<p>Depuis plus de 5 ans, Concept-Fermetures con\u00e7oit des syst\u00e8mes de fermeture innovants et personnalis\u00e9s. Notre mission est de vous offrir des produits alliant durabilit\u00e9, s\u00e9curit\u00e9 et esth\u00e9tique, tout en apportant un suivi rigoureux \u00e0 chaque \u00e9tape de votre projet.<\/p>\t\t\t\t\t\t\t\t<\/div>\n\t\t\t\t\t<\/div>\n\t\t\t\t<\/div>\n\t\t<div class=\"elementor-element elementor-element-8bd3f69 e-flex e-con-boxed wpr-particle-no wpr-jarallax-no wpr-parallax-no wpr-sticky-section-no wpr-equal-height-no e-con e-parent\" data-id=\"8bd3f69\" data-element_type=\"container\" data-e-type=\"container\">\n\t\t\t\t\t<div class=\"e-con-inner\">\n\t\t\t\t<div class=\"elementor-element elementor-element-dcfab80 elementor-align-center elementor-widget elementor-widget-button\" data-id=\"dcfab80\" data-element_type=\"widget\" data-e-type=\"widget\" data-widget_type=\"button.default\">\n\t\t\t\t\t\t\t\t\t\t<a class=\"elementor-button elementor-button-link elementor-size-sm\" href=\"https:\/\/concept-fermetures.creawebcyr.fr\/contact\/\">\n\t\t\t\t\t\t<span class=\"elementor-button-content-wrapper\">\n\t\t\t\t\t\t\t\t\t<span class=\"elementor-button-text\">Nous Contacter<\/span>\n\t\t\t\t\t<\/span>\n\t\t\t\t\t<\/a>\n\t\t\t\t\t\t\t\t<\/div>\n\t\t\t\t\t<\/div>\n\t\t\t\t<\/div>\n\t\t\t\t<\/div>\n\t\t","protected":false},"excerpt":{"rendered":"<p>Des solutions pour vos fermetures de maison &amp; Villa ! Accueil \u00c0 propos de nous Aluminium haute qualit\u00e9 Nos R\u00e9alisations L&rsquo;atelier Nos Services Nous contacter Accueil \u00c0 propos de nous Aluminium haute qualit\u00e9 Nos R\u00e9alisations L&rsquo;atelier Nos Services Nous contacter Histoire et Engagement de \u00ab\u00a0Concept-Fermetures Corse\u00a0\u00bb Depuis plus de 5 ans, Concept-Fermetures con\u00e7oit des syst\u00e8mes de fermeture innovants et personnalis\u00e9s. Notre mission est de vous offrir des produits alliant durabilit\u00e9, s\u00e9curit\u00e9 et esth\u00e9tique, tout en apportant un suivi rigoureux \u00e0 chaque \u00e9tape de votre projet. Nous Contacter<\/p>\n","protected":false},"author":1,"featured_media":0,"parent":0,"menu_order":0,"comment_status":"closed","ping_status":"closed","template":"elementor_canvas","meta":{"footnotes":""},"class_list":["post-469","page","type-page","status-publish","hentry","entry"],"_links":{"self":[{"href":"https:\/\/concept-fermetures-corse.fr\/index.php?rest_route=\/wp\/v2\/pages\/469","targetHints":{"allow":["GET"]}}],"collection":[{"href":"https:\/\/concept-fermetures-corse.fr\/index.php?rest_route=\/wp\/v2\/pages"}],"about":[{"href":"https:\/\/concept-fermetures-corse.fr\/index.php?rest_route=\/wp\/v2\/types\/page"}],"author":[{"embeddable":true,"href":"https:\/\/concept-fermetures-corse.fr\/index.php?rest_route=\/wp\/v2\/users\/1"}],"replies":[{"embeddable":true,"href":"https:\/\/concept-fermetures-corse.fr\/index.php?rest_route=%2Fwp%2Fv2%2Fcomments&post=469"}],"version-history":[{"count":7,"href":"https:\/\/concept-fermetures-corse.fr\/index.php?rest_route=\/wp\/v2\/pages\/469\/revisions"}],"predecessor-version":[{"id":808,"href":"https:\/\/concept-fermetures-corse.fr\/index.php?rest_route=\/wp\/v2\/pages\/469\/revisions\/808"}],"wp:attachment":[{"href":"https:\/\/concept-fermetures-corse.fr\/index.php?rest_route=%2Fwp%2Fv2%2Fmedia&parent=469"}],"curies":[{"name":"wp","href":"https:\/\/api.w.org\/{rel}","templated":true}]}}