{"id":471,"date":"2026-03-17T19:23:12","date_gmt":"2026-03-17T18:23:12","guid":{"rendered":"https:\/\/concept-fermetures.creawebcyr.fr\/?page_id=471"},"modified":"2026-04-15T21:37:09","modified_gmt":"2026-04-15T19:37:09","slug":"latelier","status":"publish","type":"page","link":"https:\/\/concept-fermetures-corse.fr\/?page_id=471","title":{"rendered":"L&rsquo;atelier"},"content":{"rendered":"\t\t<div data-elementor-type=\"wp-page\" data-elementor-id=\"471\" class=\"elementor elementor-471\">\n\t\t\t\t<div class=\"elementor-element elementor-element-414eca8 e-con-full e-flex wpr-particle-no wpr-jarallax-no wpr-parallax-no wpr-sticky-section-no wpr-equal-height-no e-con e-parent\" data-id=\"414eca8\" data-element_type=\"container\" data-e-type=\"container\">\n\t\t<div class=\"elementor-element elementor-element-b856101 e-con-full e-flex wpr-particle-no wpr-jarallax-no wpr-parallax-no wpr-sticky-section-no wpr-equal-height-no e-con e-child\" data-id=\"b856101\" data-element_type=\"container\" data-e-type=\"container\">\n\t\t\t\t<div class=\"elementor-element elementor-element-1758dcb elementor-widget elementor-widget-image\" data-id=\"1758dcb\" data-element_type=\"widget\" data-e-type=\"widget\" data-widget_type=\"image.default\">\n\t\t\t\t\t\t\t\t\t\t\t\t\t\t\t<img fetchpriority=\"high\" decoding=\"async\" width=\"512\" height=\"512\" src=\"https:\/\/concept-fermetures-corse.fr\/wp-content\/uploads\/2026\/03\/cropped-Logo-2.webp\" class=\"attachment-medium_large size-medium_large wp-image-303\" alt=\"\" srcset=\"https:\/\/concept-fermetures-corse.fr\/wp-content\/uploads\/2026\/03\/cropped-Logo-2.webp 512w, https:\/\/concept-fermetures-corse.fr\/wp-content\/uploads\/2026\/03\/cropped-Logo-2-300x300.webp 300w, https:\/\/concept-fermetures-corse.fr\/wp-content\/uploads\/2026\/03\/cropped-Logo-2-150x150.webp 150w, https:\/\/concept-fermetures-corse.fr\/wp-content\/uploads\/2026\/03\/cropped-Logo-2-270x270.webp 270w, https:\/\/concept-fermetures-corse.fr\/wp-content\/uploads\/2026\/03\/cropped-Logo-2-192x192.webp 192w, https:\/\/concept-fermetures-corse.fr\/wp-content\/uploads\/2026\/03\/cropped-Logo-2-180x180.webp 180w, https:\/\/concept-fermetures-corse.fr\/wp-content\/uploads\/2026\/03\/cropped-Logo-2-32x32.webp 32w\" sizes=\"(max-width: 512px) 100vw, 512px\" \/>\t\t\t\t\t\t\t\t\t\t\t\t\t\t\t<\/div>\n\t\t\t\t<\/div>\n\t\t<div class=\"elementor-element elementor-element-b74e30a e-con-full e-flex wpr-particle-no wpr-jarallax-no wpr-parallax-no wpr-sticky-section-no wpr-equal-height-no e-con e-child\" data-id=\"b74e30a\" data-element_type=\"container\" data-e-type=\"container\">\n\t\t<div class=\"elementor-element elementor-element-956ecbf e-con-full e-flex wpr-particle-no wpr-jarallax-no wpr-parallax-no wpr-sticky-section-no wpr-equal-height-no e-con e-child\" data-id=\"956ecbf\" data-element_type=\"container\" data-e-type=\"container\">\n\t\t<div class=\"elementor-element elementor-element-a37f935 e-con-full e-flex wpr-particle-no wpr-jarallax-no wpr-parallax-no wpr-sticky-section-no wpr-equal-height-no e-con e-child\" data-id=\"a37f935\" data-element_type=\"container\" data-e-type=\"container\">\n\t\t\t\t<div class=\"elementor-element elementor-element-f7c303d elementor-widget elementor-widget-heading\" data-id=\"f7c303d\" data-element_type=\"widget\" data-e-type=\"widget\" data-widget_type=\"heading.default\">\n\t\t\t\t\t<h1 class=\"elementor-heading-title elementor-size-default\">Des solutions pour vos fermetures de maison &amp; Villa !<\/h1>\t\t\t\t<\/div>\n\t\t\t\t<\/div>\n\t\t\t\t<\/div>\n\t\t\t\t<\/div>\n\t\t\t\t<\/div>\n\t\t<div class=\"elementor-element elementor-element-cfac235 e-con-full e-flex wpr-particle-no wpr-jarallax-no wpr-parallax-no wpr-sticky-section-no wpr-equal-height-no e-con e-parent\" data-id=\"cfac235\" data-element_type=\"container\" data-e-type=\"container\">\n\t\t<div class=\"elementor-element elementor-element-2e88ffd e-con-full e-flex wpr-particle-no wpr-jarallax-no wpr-parallax-no wpr-sticky-section-no wpr-equal-height-no e-con e-child\" data-id=\"2e88ffd\" data-element_type=\"container\" data-e-type=\"container\">\n\t\t\t\t<div class=\"elementor-element elementor-element-fadfdb8 wpr-main-menu-align-center elementor-widget__width-initial wpr-main-menu-align--tabletleft wpr-main-menu-align--mobileleft wpr-pointer-underline wpr-pointer-line-fx wpr-pointer-fx-fade wpr-sub-icon-caret-down wpr-sub-menu-fx-fade wpr-nav-menu-bp-mobile wpr-mobile-menu-full-width wpr-mobile-menu-item-align-center wpr-mobile-toggle-v1 wpr-sub-divider-yes wpr-mobile-divider-yes elementor-widget elementor-widget-wpr-nav-menu\" data-id=\"fadfdb8\" data-element_type=\"widget\" data-e-type=\"widget\" data-settings=\"{&quot;menu_layout&quot;:&quot;horizontal&quot;}\" data-widget_type=\"wpr-nav-menu.default\">\n\t\t\t\t\t<nav class=\"wpr-nav-menu-container wpr-nav-menu-horizontal\" data-trigger=\"hover\" data-consider-header=\"\" data-scroll-speed=\"500\"><ul id=\"menu-1-fadfdb8\" class=\"wpr-nav-menu\"><li class=\"menu-item menu-item-type-post_type menu-item-object-page menu-item-home menu-item-457\"><a href=\"https:\/\/concept-fermetures-corse.fr\/\" class=\"wpr-menu-item wpr-pointer-item\">Accueil<\/a><\/li>\n<li class=\"menu-item menu-item-type-post_type menu-item-object-page menu-item-486\"><a href=\"https:\/\/concept-fermetures-corse.fr\/?page_id=469\" class=\"wpr-menu-item wpr-pointer-item\">\u00c0 propos de nous<\/a><\/li>\n<li class=\"menu-item menu-item-type-post_type menu-item-object-page menu-item-458\"><a href=\"https:\/\/concept-fermetures-corse.fr\/?page_id=119\" class=\"wpr-menu-item wpr-pointer-item\">Aluminium haute qualit\u00e9<\/a><\/li>\n<li class=\"menu-item menu-item-type-post_type menu-item-object-page menu-item-484\"><a href=\"https:\/\/concept-fermetures-corse.fr\/?page_id=473\" class=\"wpr-menu-item wpr-pointer-item\">Nos R\u00e9alisations<\/a><\/li>\n<li class=\"menu-item menu-item-type-post_type menu-item-object-page menu-item-485\"><a href=\"https:\/\/concept-fermetures-corse.fr\/?page_id=471\" class=\"wpr-menu-item wpr-pointer-item\">L&rsquo;atelier<\/a><\/li>\n<li class=\"menu-item menu-item-type-post_type menu-item-object-page menu-item-460\"><a href=\"https:\/\/concept-fermetures-corse.fr\/?page_id=62\" class=\"wpr-menu-item wpr-pointer-item\">Nos Services<\/a><\/li>\n<li class=\"menu-item menu-item-type-post_type menu-item-object-page menu-item-459\"><a href=\"https:\/\/concept-fermetures-corse.fr\/?page_id=89\" class=\"wpr-menu-item wpr-pointer-item\">Nous contacter<\/a><\/li>\n<\/ul><\/nav><nav class=\"wpr-mobile-nav-menu-container\"><div class=\"wpr-mobile-toggle-wrap\"><div class=\"wpr-mobile-toggle\"><span class=\"wpr-mobile-toggle-line\"><\/span><span class=\"wpr-mobile-toggle-line\"><\/span><span class=\"wpr-mobile-toggle-line\"><\/span><\/div><\/div><ul id=\"mobile-menu-2-fadfdb8\" class=\"wpr-mobile-nav-menu\"><li class=\"menu-item menu-item-type-post_type menu-item-object-page menu-item-home menu-item-457\"><a href=\"https:\/\/concept-fermetures-corse.fr\/\" class=\"wpr-mobile-menu-item\">Accueil<\/a><\/li>\n<li class=\"menu-item menu-item-type-post_type menu-item-object-page menu-item-486\"><a href=\"https:\/\/concept-fermetures-corse.fr\/?page_id=469\" class=\"wpr-mobile-menu-item\">\u00c0 propos de nous<\/a><\/li>\n<li class=\"menu-item menu-item-type-post_type menu-item-object-page menu-item-458\"><a href=\"https:\/\/concept-fermetures-corse.fr\/?page_id=119\" class=\"wpr-mobile-menu-item\">Aluminium haute qualit\u00e9<\/a><\/li>\n<li class=\"menu-item menu-item-type-post_type menu-item-object-page menu-item-484\"><a href=\"https:\/\/concept-fermetures-corse.fr\/?page_id=473\" class=\"wpr-mobile-menu-item\">Nos R\u00e9alisations<\/a><\/li>\n<li class=\"menu-item menu-item-type-post_type menu-item-object-page menu-item-485\"><a href=\"https:\/\/concept-fermetures-corse.fr\/?page_id=471\" class=\"wpr-mobile-menu-item\">L&rsquo;atelier<\/a><\/li>\n<li class=\"menu-item menu-item-type-post_type menu-item-object-page menu-item-460\"><a href=\"https:\/\/concept-fermetures-corse.fr\/?page_id=62\" class=\"wpr-mobile-menu-item\">Nos Services<\/a><\/li>\n<li class=\"menu-item menu-item-type-post_type menu-item-object-page menu-item-459\"><a href=\"https:\/\/concept-fermetures-corse.fr\/?page_id=89\" class=\"wpr-mobile-menu-item\">Nous contacter<\/a><\/li>\n<\/ul><\/nav>\t\t\t\t<\/div>\n\t\t\t\t<\/div>\n\t\t\t\t<\/div>\n\t\t<div class=\"elementor-element elementor-element-965a6fd e-flex e-con-boxed wpr-particle-no wpr-jarallax-no wpr-parallax-no wpr-sticky-section-no wpr-equal-height-no e-con e-parent\" data-id=\"965a6fd\" data-element_type=\"container\" data-e-type=\"container\">\n\t\t\t\t\t<div class=\"e-con-inner\">\n\t\t\t\t<div class=\"elementor-element elementor-element-34b61b6 elementor-widget elementor-widget-heading\" data-id=\"34b61b6\" data-element_type=\"widget\" data-e-type=\"widget\" data-widget_type=\"heading.default\">\n\t\t\t\t\t<h2 class=\"elementor-heading-title elementor-size-default\">L'atelier \"CONCEPT-FERMETURES-CORSE\"<\/h2>\t\t\t\t<\/div>\n\t\t\t\t\t<\/div>\n\t\t\t\t<\/div>\n\t\t<div class=\"elementor-element elementor-element-05ca179 e-flex e-con-boxed wpr-particle-no wpr-jarallax-no wpr-parallax-no wpr-sticky-section-no wpr-equal-height-no e-con e-parent\" data-id=\"05ca179\" data-element_type=\"container\" data-e-type=\"container\">\n\t\t\t\t\t<div class=\"e-con-inner\">\n\t\t\t\t<div class=\"elementor-element elementor-element-4a263f0 elementor-widget elementor-widget-text-editor\" data-id=\"4a263f0\" data-element_type=\"widget\" data-e-type=\"widget\" data-widget_type=\"text-editor.default\">\n\t\t\t\t\t\t\t\t\t<h3>Notre atelier et notre\u00a0<i><strong>\u00ab\u00a0Mat\u00e9riel Professionnel\u00a0\u00bb<\/strong><\/i><\/h3>\t\t\t\t\t\t\t\t<\/div>\n\t\t\t\t\t<\/div>\n\t\t\t\t<\/div>\n\t\t<div class=\"elementor-element elementor-element-7e357aa e-flex e-con-boxed wpr-particle-no wpr-jarallax-no wpr-parallax-no wpr-sticky-section-no wpr-equal-height-no e-con e-parent\" data-id=\"7e357aa\" data-element_type=\"container\" data-e-type=\"container\">\n\t\t\t\t\t<div class=\"e-con-inner\">\n\t\t\t\t<div class=\"elementor-element elementor-element-36ca7d7 elementor-widget elementor-widget-text-editor\" data-id=\"36ca7d7\" data-element_type=\"widget\" data-e-type=\"widget\" data-widget_type=\"text-editor.default\">\n\t\t\t\t\t\t\t\t\t<p>Notre atelier est le c\u0153ur de notre activit\u00e9. C\u2019est ici que nous pr\u00e9parons et ajustons les diff\u00e9rents \u00e9l\u00e9ments n\u00e9cessaires \u00e0 l\u2019installation de volets roulants et de menuiseries aluminium sur mesure. Chaque projet est \u00e9tudi\u00e9 avec attention afin de garantir une r\u00e9alisation pr\u00e9cise et parfaitement adapt\u00e9e aux besoins de nos clients.<\/p><p>Gr\u00e2ce \u00e0 un atelier \u00e9quip\u00e9 de mat\u00e9riel professionnel, nous assurons la pr\u00e9paration et le contr\u00f4le de chaque \u00e9l\u00e9ment avant son installation sur chantier. Cela nous permet d\u2019offrir des solutions fiables, durables et parfaitement int\u00e9gr\u00e9es \u00e0 votre habitation.<\/p><p>Nous utilisons des outils et \u00e9quipements sp\u00e9cialis\u00e9s pour la d\u00e9coupe, l\u2019assemblage et l\u2019ajustement des menuiseries aluminium ainsi que pour la pr\u00e9paration des volets roulants m\u00e9caniques et \u00e9lectriques. Cette organisation en atelier nous permet de travailler avec pr\u00e9cision, tout en garantissant une qualit\u00e9 constante sur chacune de nos r\u00e9alisations.<\/p><p>Notre savoir-faire et notre \u00e9quipement professionnel nous permettent ainsi de proposer des installations soign\u00e9es, performantes et durables, adapt\u00e9es aussi bien aux projets de r\u00e9novation qu\u2019aux constructions neuves.<\/p>\t\t\t\t\t\t\t\t<\/div>\n\t\t\t\t\t<\/div>\n\t\t\t\t<\/div>\n\t\t<div class=\"elementor-element elementor-element-62ddaf2 e-flex e-con-boxed wpr-particle-no wpr-jarallax-no wpr-parallax-no wpr-sticky-section-no wpr-equal-height-no e-con e-parent\" data-id=\"62ddaf2\" data-element_type=\"container\" data-e-type=\"container\">\n\t\t\t\t\t<div class=\"e-con-inner\">\n\t\t\t\t<div class=\"elementor-element elementor-element-eae6015 elementor-widget elementor-widget-image-gallery\" data-id=\"eae6015\" data-element_type=\"widget\" data-e-type=\"widget\" data-widget_type=\"image-gallery.default\">\n\t\t\t\t\t\t\t<div class=\"elementor-image-gallery\">\n\t\t\t<div id='gallery-1' class='gallery galleryid-471 gallery-columns-4 gallery-size-thumbnail'><figure class='gallery-item'>\n\t\t\t<div class='gallery-icon portrait'>\n\t\t\t\t<a data-elementor-open-lightbox=\"yes\" data-elementor-lightbox-slideshow=\"eae6015\" data-elementor-lightbox-title=\"telecommande-mural-volet\" data-elementor-lightbox-description=\"Pr\u00e9sentation des moyens de commandes \u00e0 distance de volet roulant \u00e9lectrique\" data-e-action-hash=\"#elementor-action%3Aaction%3Dlightbox%26settings%3DeyJpZCI6NTY3LCJ1cmwiOiJodHRwczpcL1wvY29uY2VwdC1mZXJtZXR1cmVzLWNvcnNlLmZyXC93cC1jb250ZW50XC91cGxvYWRzXC8yMDI2XC8wM1wvdGVsZWNvbW1hbmRlLW11cmFsLXZvbGV0LndlYnAiLCJzbGlkZXNob3ciOiJlYWU2MDE1In0%3D\" href='https:\/\/concept-fermetures-corse.fr\/wp-content\/uploads\/2026\/03\/telecommande-mural-volet.webp'><img decoding=\"async\" width=\"150\" height=\"150\" src=\"https:\/\/concept-fermetures-corse.fr\/wp-content\/uploads\/2026\/03\/telecommande-mural-volet-150x150.webp\" class=\"attachment-thumbnail size-thumbnail\" alt=\"Bouton et t\u00e9l\u00e9commande de volet roulant blanc\" aria-describedby=\"gallery-1-567\" \/><\/a>\n\t\t\t<\/div>\n\t\t\t\t<figcaption class='wp-caption-text gallery-caption' id='gallery-1-567'>\n\t\t\t\tBouton et t\u00e9l\u00e9commande de volet roulant \u00e9lectrique\n\t\t\t\t<\/figcaption><\/figure><figure class='gallery-item'>\n\t\t\t<div class='gallery-icon portrait'>\n\t\t\t\t<a data-elementor-open-lightbox=\"yes\" data-elementor-lightbox-slideshow=\"eae6015\" data-elementor-lightbox-title=\"Atelier de fabrication de volets roulants avec moteur tubulaire\" data-elementor-lightbox-description=\"\u00c9tabli d\u2019atelier \u00e9quip\u00e9 d\u2019une scie \u00e0 ruban pour la d\u00e9coupe de pi\u00e8ces destin\u00e9es aux volets roulants. On y voit un moteur tubulaire, des outil\" data-e-action-hash=\"#elementor-action%3Aaction%3Dlightbox%26settings%3DeyJpZCI6NTY4LCJ1cmwiOiJodHRwczpcL1wvY29uY2VwdC1mZXJtZXR1cmVzLWNvcnNlLmZyXC93cC1jb250ZW50XC91cGxvYWRzXC8yMDI2XC8wM1wvYThmYTdjN2ItYWY5NS00MzBjLThkYmUtZjk3MGU2NGRkM2ZlLndlYnAiLCJzbGlkZXNob3ciOiJlYWU2MDE1In0%3D\" href='https:\/\/concept-fermetures-corse.fr\/wp-content\/uploads\/2026\/03\/a8fa7c7b-af95-430c-8dbe-f970e64dd3fe.webp'><img decoding=\"async\" width=\"150\" height=\"150\" src=\"https:\/\/concept-fermetures-corse.fr\/wp-content\/uploads\/2026\/03\/a8fa7c7b-af95-430c-8dbe-f970e64dd3fe-150x150.webp\" class=\"attachment-thumbnail size-thumbnail\" alt=\"D\u00e9coupe et pr\u00e9paration d\u2019un moteur tubulaire pour volet roulant dans un atelier\" aria-describedby=\"gallery-1-568\" srcset=\"https:\/\/concept-fermetures-corse.fr\/wp-content\/uploads\/2026\/03\/a8fa7c7b-af95-430c-8dbe-f970e64dd3fe-150x150.webp 150w, https:\/\/concept-fermetures-corse.fr\/wp-content\/uploads\/2026\/03\/a8fa7c7b-af95-430c-8dbe-f970e64dd3fe-600x600.webp 600w\" sizes=\"(max-width: 150px) 100vw, 150px\" \/><\/a>\n\t\t\t<\/div>\n\t\t\t\t<figcaption class='wp-caption-text gallery-caption' id='gallery-1-568'>\n\t\t\t\t\u00c9tabli d\u2019atelier \u00e9quip\u00e9 d\u2019une scie \u00e0 ruban \n\t\t\t\t<\/figcaption><\/figure><figure class='gallery-item'>\n\t\t\t<div class='gallery-icon portrait'>\n\t\t\t\t<a data-elementor-open-lightbox=\"yes\" data-elementor-lightbox-slideshow=\"eae6015\" data-elementor-lightbox-title=\"Kit de motorisation pour volet roulant pr\u00eat \u00e0 installer\" data-elementor-lightbox-description=\"Kit complet de motorisation pour volet roulant comprenant un moteur tubulaire, une t\u00e9l\u00e9commande murale, un r\u00e9cepteur et les accessoires \" data-e-action-hash=\"#elementor-action%3Aaction%3Dlightbox%26settings%3DeyJpZCI6NTY5LCJ1cmwiOiJodHRwczpcL1wvY29uY2VwdC1mZXJtZXR1cmVzLWNvcnNlLmZyXC93cC1jb250ZW50XC91cGxvYWRzXC8yMDI2XC8wM1wvOGRiNzg2NzQtYzg4Ni00NzRkLThjODEtN2JjOWJjNjdkMDZmLndlYnAiLCJzbGlkZXNob3ciOiJlYWU2MDE1In0%3D\" href='https:\/\/concept-fermetures-corse.fr\/wp-content\/uploads\/2026\/03\/8db78674-c886-474d-8c81-7bc9bc67d06f.webp'><img loading=\"lazy\" decoding=\"async\" width=\"150\" height=\"150\" src=\"https:\/\/concept-fermetures-corse.fr\/wp-content\/uploads\/2026\/03\/8db78674-c886-474d-8c81-7bc9bc67d06f-150x150.webp\" class=\"attachment-thumbnail size-thumbnail\" alt=\"Kit de motorisation pour volet roulant avec moteur tubulaire, t\u00e9l\u00e9commande et accessoires\" aria-describedby=\"gallery-1-569\" srcset=\"https:\/\/concept-fermetures-corse.fr\/wp-content\/uploads\/2026\/03\/8db78674-c886-474d-8c81-7bc9bc67d06f-150x150.webp 150w, https:\/\/concept-fermetures-corse.fr\/wp-content\/uploads\/2026\/03\/8db78674-c886-474d-8c81-7bc9bc67d06f-600x600.webp 600w\" sizes=\"(max-width: 150px) 100vw, 150px\" \/><\/a>\n\t\t\t<\/div>\n\t\t\t\t<figcaption class='wp-caption-text gallery-caption' id='gallery-1-569'>\n\t\t\t\tKit motorisation volet roulant \u00e9lectrique\n\t\t\t\t<\/figcaption><\/figure><figure class='gallery-item'>\n\t\t\t<div class='gallery-icon portrait'>\n\t\t\t\t<a data-elementor-open-lightbox=\"yes\" data-elementor-lightbox-slideshow=\"eae6015\" data-elementor-lightbox-title=\"Volets roulants sur mesure pr\u00eats \u00e0 \u00eatre install\u00e9s\" data-elementor-lightbox-description=\"Volets roulants fabriqu\u00e9s sur mesure et emball\u00e9s avec protection pour le transport. Chaque volet est pr\u00e9par\u00e9 en atelier avant d\u2019\u00eatre livr\u00e9 e\" data-e-action-hash=\"#elementor-action%3Aaction%3Dlightbox%26settings%3DeyJpZCI6NTcwLCJ1cmwiOiJodHRwczpcL1wvY29uY2VwdC1mZXJtZXR1cmVzLWNvcnNlLmZyXC93cC1jb250ZW50XC91cGxvYWRzXC8yMDI2XC8wM1wvOWU2MjhmNTQtZWYyNC00ZGVkLWE2NjAtYzA4YWFkYTM3YWMzLndlYnAiLCJzbGlkZXNob3ciOiJlYWU2MDE1In0%3D\" href='https:\/\/concept-fermetures-corse.fr\/wp-content\/uploads\/2026\/03\/9e628f54-ef24-4ded-a660-c08aada37ac3.webp'><img loading=\"lazy\" decoding=\"async\" width=\"150\" height=\"150\" src=\"https:\/\/concept-fermetures-corse.fr\/wp-content\/uploads\/2026\/03\/9e628f54-ef24-4ded-a660-c08aada37ac3-150x150.webp\" class=\"attachment-thumbnail size-thumbnail\" alt=\"Volets roulants sur mesure emball\u00e9s et pr\u00eats pour la livraison et l\u2019installation\" aria-describedby=\"gallery-1-570\" srcset=\"https:\/\/concept-fermetures-corse.fr\/wp-content\/uploads\/2026\/03\/9e628f54-ef24-4ded-a660-c08aada37ac3-150x150.webp 150w, https:\/\/concept-fermetures-corse.fr\/wp-content\/uploads\/2026\/03\/9e628f54-ef24-4ded-a660-c08aada37ac3-600x600.webp 600w\" sizes=\"(max-width: 150px) 100vw, 150px\" \/><\/a>\n\t\t\t<\/div>\n\t\t\t\t<figcaption class='wp-caption-text gallery-caption' id='gallery-1-570'>\n\t\t\t\tVolets roulants fabriqu\u00e9s sur mesure\n\t\t\t\t<\/figcaption><\/figure><figure class='gallery-item'>\n\t\t\t<div class='gallery-icon portrait'>\n\t\t\t\t<a data-elementor-open-lightbox=\"yes\" data-elementor-lightbox-slideshow=\"eae6015\" data-elementor-lightbox-title=\"Machine de d\u00e9coupe pour lames de volets roulants en atelier\" data-elementor-lightbox-description=\"Machine professionnelle install\u00e9e dans un atelier pour la d\u00e9coupe et la pr\u00e9paration des lames de volets roulants\" data-e-action-hash=\"#elementor-action%3Aaction%3Dlightbox%26settings%3DeyJpZCI6NTcyLCJ1cmwiOiJodHRwczpcL1wvY29uY2VwdC1mZXJtZXR1cmVzLWNvcnNlLmZyXC93cC1jb250ZW50XC91cGxvYWRzXC8yMDI2XC8wM1wvODRmZjcwZDktNDU3NC00YTUwLWE4YTctMDI0ZTYxMTBhYWJmLndlYnAiLCJzbGlkZXNob3ciOiJlYWU2MDE1In0%3D\" href='https:\/\/concept-fermetures-corse.fr\/wp-content\/uploads\/2026\/03\/84ff70d9-4574-4a50-a8a7-024e6110aabf.webp'><img loading=\"lazy\" decoding=\"async\" width=\"150\" height=\"150\" src=\"https:\/\/concept-fermetures-corse.fr\/wp-content\/uploads\/2026\/03\/84ff70d9-4574-4a50-a8a7-024e6110aabf-150x150.webp\" class=\"attachment-thumbnail size-thumbnail\" alt=\"Machine industrielle utilis\u00e9e pour la d\u00e9coupe de lames de volets roulants en aluminium\" aria-describedby=\"gallery-1-572\" srcset=\"https:\/\/concept-fermetures-corse.fr\/wp-content\/uploads\/2026\/03\/84ff70d9-4574-4a50-a8a7-024e6110aabf-150x150.webp 150w, https:\/\/concept-fermetures-corse.fr\/wp-content\/uploads\/2026\/03\/84ff70d9-4574-4a50-a8a7-024e6110aabf-600x600.webp 600w\" sizes=\"(max-width: 150px) 100vw, 150px\" \/><\/a>\n\t\t\t<\/div>\n\t\t\t\t<figcaption class='wp-caption-text gallery-caption' id='gallery-1-572'>\n\t\t\t\tMachine professionnelle d&rsquo;atelier \n\t\t\t\t<\/figcaption><\/figure><figure class='gallery-item'>\n\t\t\t<div class='gallery-icon portrait'>\n\t\t\t\t<a data-elementor-open-lightbox=\"yes\" data-elementor-lightbox-slideshow=\"eae6015\" data-elementor-lightbox-title=\"Pr\u00e9paration d\u2019un coffre de volet roulant en atelier\" data-elementor-lightbox-description=\"Coffre de volet roulant en aluminium et diff\u00e9rents accessoires pr\u00e9par\u00e9s sur une table de travail dans un atelier de fabrication. Les pi\u00e8ces \" data-e-action-hash=\"#elementor-action%3Aaction%3Dlightbox%26settings%3DeyJpZCI6NTczLCJ1cmwiOiJodHRwczpcL1wvY29uY2VwdC1mZXJtZXR1cmVzLWNvcnNlLmZyXC93cC1jb250ZW50XC91cGxvYWRzXC8yMDI2XC8wM1wvY2QwNTI2NGItMTRiNS00NTY4LTkyOGItZWU5OWYwZDY5YWU1LTEud2VicCIsInNsaWRlc2hvdyI6ImVhZTYwMTUifQ%3D%3D\" href='https:\/\/concept-fermetures-corse.fr\/wp-content\/uploads\/2026\/03\/cd05264b-14b5-4568-928b-ee99f0d69ae5-1.webp'><img loading=\"lazy\" decoding=\"async\" width=\"150\" height=\"150\" src=\"https:\/\/concept-fermetures-corse.fr\/wp-content\/uploads\/2026\/03\/cd05264b-14b5-4568-928b-ee99f0d69ae5-1-150x150.webp\" class=\"attachment-thumbnail size-thumbnail\" alt=\"Coffre et pi\u00e8ces de volets roulants pr\u00e9par\u00e9s sur une table de travail dans un atelier de fabrication\" aria-describedby=\"gallery-1-573\" srcset=\"https:\/\/concept-fermetures-corse.fr\/wp-content\/uploads\/2026\/03\/cd05264b-14b5-4568-928b-ee99f0d69ae5-1-150x150.webp 150w, https:\/\/concept-fermetures-corse.fr\/wp-content\/uploads\/2026\/03\/cd05264b-14b5-4568-928b-ee99f0d69ae5-1-600x600.webp 600w\" sizes=\"(max-width: 150px) 100vw, 150px\" \/><\/a>\n\t\t\t<\/div>\n\t\t\t\t<figcaption class='wp-caption-text gallery-caption' id='gallery-1-573'>\n\t\t\t\tCoffre et pi\u00e8ces de volets roulants \n\t\t\t\t<\/figcaption><\/figure><figure class='gallery-item'>\n\t\t\t<div class='gallery-icon portrait'>\n\t\t\t\t<a data-elementor-open-lightbox=\"yes\" data-elementor-lightbox-slideshow=\"eae6015\" data-elementor-lightbox-title=\"Bloc de coffre de volet roulant\" data-elementor-lightbox-description=\"coffre de volet roulant en pr\u00e9paration de montage par concept-fermetures-corse\" data-e-action-hash=\"#elementor-action%3Aaction%3Dlightbox%26settings%3DeyJpZCI6NTc0LCJ1cmwiOiJodHRwczpcL1wvY29uY2VwdC1mZXJtZXR1cmVzLWNvcnNlLmZyXC93cC1jb250ZW50XC91cGxvYWRzXC8yMDI2XC8wM1wvMWJiYTUzYzgtMjgzMC00MjVkLTljMDItZGRmODg3ZmRjOThmLndlYnAiLCJzbGlkZXNob3ciOiJlYWU2MDE1In0%3D\" href='https:\/\/concept-fermetures-corse.fr\/wp-content\/uploads\/2026\/03\/1bba53c8-2830-425d-9c02-ddf887fdc98f.webp'><img loading=\"lazy\" decoding=\"async\" width=\"150\" height=\"150\" src=\"https:\/\/concept-fermetures-corse.fr\/wp-content\/uploads\/2026\/03\/1bba53c8-2830-425d-9c02-ddf887fdc98f-150x150.webp\" class=\"attachment-thumbnail size-thumbnail\" alt=\"Bloc de coffre de volet roulant en pr\u00e9paration de montage\" aria-describedby=\"gallery-1-574\" srcset=\"https:\/\/concept-fermetures-corse.fr\/wp-content\/uploads\/2026\/03\/1bba53c8-2830-425d-9c02-ddf887fdc98f-150x150.webp 150w, https:\/\/concept-fermetures-corse.fr\/wp-content\/uploads\/2026\/03\/1bba53c8-2830-425d-9c02-ddf887fdc98f-600x600.webp 600w\" sizes=\"(max-width: 150px) 100vw, 150px\" \/><\/a>\n\t\t\t<\/div>\n\t\t\t\t<figcaption class='wp-caption-text gallery-caption' id='gallery-1-574'>\n\t\t\t\tPr\u00e9paration coffre par concept-fermetures\n\t\t\t\t<\/figcaption><\/figure>\n\t\t<\/div>\n\t\t<\/div>\n\t\t\t\t\t\t<\/div>\n\t\t\t\t\t<\/div>\n\t\t\t\t<\/div>\n\t\t\t\t<\/div>\n\t\t","protected":false},"excerpt":{"rendered":"<p>Des solutions pour vos fermetures de maison &amp; Villa ! Accueil \u00c0 propos de nous Aluminium haute qualit\u00e9 Nos R\u00e9alisations L&rsquo;atelier Nos Services Politique de confidentialit\u00e9 Avis juridique Nous contacter Accueil \u00c0 propos de nous Aluminium haute qualit\u00e9 Nos R\u00e9alisations L&rsquo;atelier Nos Services Politique de confidentialit\u00e9 Avis juridique Nous contacter L&rsquo;atelier \u00ab\u00a0CONCEPT-FERMETURES-CORSE\u00a0\u00bb Notre atelier et notre\u00a0\u00ab\u00a0Mat\u00e9riel Professionnel\u00a0\u00bb Notre atelier est le c\u0153ur de notre activit\u00e9. C\u2019est ici que nous pr\u00e9parons et ajustons les diff\u00e9rents \u00e9l\u00e9ments n\u00e9cessaires \u00e0 l\u2019installation de volets roulants et de menuiseries aluminium sur mesure. Chaque projet est \u00e9tudi\u00e9 avec attention afin de garantir une r\u00e9alisation pr\u00e9cise et parfaitement adapt\u00e9e aux besoins de nos clients. Gr\u00e2ce \u00e0 un atelier \u00e9quip\u00e9 de mat\u00e9riel professionnel, nous assurons la pr\u00e9paration et le contr\u00f4le de chaque \u00e9l\u00e9ment avant son installation sur chantier. Cela nous permet d\u2019offrir des solutions fiables, durables et parfaitement int\u00e9gr\u00e9es \u00e0 votre habitation. Nous utilisons des outils et \u00e9quipements sp\u00e9cialis\u00e9s pour la d\u00e9coupe, l\u2019assemblage et l\u2019ajustement des menuiseries aluminium ainsi que pour la pr\u00e9paration des volets roulants m\u00e9caniques et \u00e9lectriques. Cette organisation en atelier nous permet de travailler avec pr\u00e9cision, tout en garantissant une qualit\u00e9 constante sur chacune de nos r\u00e9alisations. Notre savoir-faire et notre \u00e9quipement professionnel nous permettent ainsi de proposer des installations soign\u00e9es, performantes et durables, adapt\u00e9es aussi bien aux projets de r\u00e9novation qu\u2019aux constructions neuves. Bouton et t\u00e9l\u00e9commande de volet roulant \u00e9lectrique \u00c9tabli d\u2019atelier \u00e9quip\u00e9 d\u2019une scie \u00e0 ruban Kit motorisation volet roulant \u00e9lectrique Volets roulants fabriqu\u00e9s sur mesure Machine professionnelle d&rsquo;atelier Coffre et pi\u00e8ces de volets roulants Pr\u00e9paration coffre par concept-fermetures<\/p>\n","protected":false},"author":1,"featured_media":0,"parent":0,"menu_order":0,"comment_status":"closed","ping_status":"closed","template":"elementor_header_footer","meta":{"footnotes":""},"class_list":["post-471","page","type-page","status-publish","hentry","entry"],"_links":{"self":[{"href":"https:\/\/concept-fermetures-corse.fr\/index.php?rest_route=\/wp\/v2\/pages\/471","targetHints":{"allow":["GET"]}}],"collection":[{"href":"https:\/\/concept-fermetures-corse.fr\/index.php?rest_route=\/wp\/v2\/pages"}],"about":[{"href":"https:\/\/concept-fermetures-corse.fr\/index.php?rest_route=\/wp\/v2\/types\/page"}],"author":[{"embeddable":true,"href":"https:\/\/concept-fermetures-corse.fr\/index.php?rest_route=\/wp\/v2\/users\/1"}],"replies":[{"embeddable":true,"href":"https:\/\/concept-fermetures-corse.fr\/index.php?rest_route=%2Fwp%2Fv2%2Fcomments&post=471"}],"version-history":[{"count":43,"href":"https:\/\/concept-fermetures-corse.fr\/index.php?rest_route=\/wp\/v2\/pages\/471\/revisions"}],"predecessor-version":[{"id":617,"href":"https:\/\/concept-fermetures-corse.fr\/index.php?rest_route=\/wp\/v2\/pages\/471\/revisions\/617"}],"wp:attachment":[{"href":"https:\/\/concept-fermetures-corse.fr\/index.php?rest_route=%2Fwp%2Fv2%2Fmedia&parent=471"}],"curies":[{"name":"wp","href":"https:\/\/api.w.org\/{rel}","templated":true}]}}