{"id":62,"date":"2025-09-04T01:28:55","date_gmt":"2025-09-03T23:28:55","guid":{"rendered":"https:\/\/concept-fermetures.creawebcyr.fr\/?page_id=62"},"modified":"2026-04-15T21:37:16","modified_gmt":"2026-04-15T19:37:16","slug":"nos-services","status":"publish","type":"page","link":"https:\/\/concept-fermetures-corse.fr\/?page_id=62","title":{"rendered":"Nos Services"},"content":{"rendered":"\t\t<div data-elementor-type=\"wp-page\" data-elementor-id=\"62\" class=\"elementor elementor-62\">\n\t\t\t\t<div class=\"elementor-element elementor-element-2ea3972 e-con-full e-flex wpr-particle-no wpr-jarallax-no wpr-parallax-no wpr-sticky-section-no wpr-equal-height-no e-con e-parent\" data-id=\"2ea3972\" data-element_type=\"container\" data-e-type=\"container\">\n\t\t<div class=\"elementor-element elementor-element-8d99991 e-con-full e-flex wpr-particle-no wpr-jarallax-no wpr-parallax-no wpr-sticky-section-no wpr-equal-height-no e-con e-child\" data-id=\"8d99991\" data-element_type=\"container\" data-e-type=\"container\">\n\t\t\t\t<div class=\"elementor-element elementor-element-475391d elementor-widget elementor-widget-image\" data-id=\"475391d\" data-element_type=\"widget\" data-e-type=\"widget\" data-widget_type=\"image.default\">\n\t\t\t\t\t\t\t\t\t\t\t\t\t\t\t<img fetchpriority=\"high\" decoding=\"async\" width=\"512\" height=\"512\" src=\"https:\/\/concept-fermetures-corse.fr\/wp-content\/uploads\/2026\/03\/cropped-Logo-2.webp\" class=\"attachment-medium_large size-medium_large wp-image-303\" alt=\"\" srcset=\"https:\/\/concept-fermetures-corse.fr\/wp-content\/uploads\/2026\/03\/cropped-Logo-2.webp 512w, https:\/\/concept-fermetures-corse.fr\/wp-content\/uploads\/2026\/03\/cropped-Logo-2-300x300.webp 300w, https:\/\/concept-fermetures-corse.fr\/wp-content\/uploads\/2026\/03\/cropped-Logo-2-150x150.webp 150w, https:\/\/concept-fermetures-corse.fr\/wp-content\/uploads\/2026\/03\/cropped-Logo-2-270x270.webp 270w, https:\/\/concept-fermetures-corse.fr\/wp-content\/uploads\/2026\/03\/cropped-Logo-2-192x192.webp 192w, https:\/\/concept-fermetures-corse.fr\/wp-content\/uploads\/2026\/03\/cropped-Logo-2-180x180.webp 180w, https:\/\/concept-fermetures-corse.fr\/wp-content\/uploads\/2026\/03\/cropped-Logo-2-32x32.webp 32w\" sizes=\"(max-width: 512px) 100vw, 512px\" \/>\t\t\t\t\t\t\t\t\t\t\t\t\t\t\t<\/div>\n\t\t\t\t<\/div>\n\t\t<div class=\"elementor-element elementor-element-c358d51 e-con-full e-flex wpr-particle-no wpr-jarallax-no wpr-parallax-no wpr-sticky-section-no wpr-equal-height-no e-con e-child\" data-id=\"c358d51\" data-element_type=\"container\" data-e-type=\"container\">\n\t\t<div class=\"elementor-element elementor-element-91b1a92 e-con-full e-flex wpr-particle-no wpr-jarallax-no wpr-parallax-no wpr-sticky-section-no wpr-equal-height-no e-con e-child\" data-id=\"91b1a92\" data-element_type=\"container\" data-e-type=\"container\">\n\t\t<div class=\"elementor-element elementor-element-d9e5362 e-con-full e-flex wpr-particle-no wpr-jarallax-no wpr-parallax-no wpr-sticky-section-no wpr-equal-height-no e-con e-child\" data-id=\"d9e5362\" data-element_type=\"container\" data-e-type=\"container\">\n\t\t\t\t<div class=\"elementor-element elementor-element-26ae63b elementor-widget elementor-widget-heading\" data-id=\"26ae63b\" data-element_type=\"widget\" data-e-type=\"widget\" data-widget_type=\"heading.default\">\n\t\t\t\t\t<h1 class=\"elementor-heading-title elementor-size-default\">Des solutions pour vos fermetures de maison &amp; Villa !<\/h1>\t\t\t\t<\/div>\n\t\t\t\t<\/div>\n\t\t\t\t<\/div>\n\t\t\t\t<\/div>\n\t\t\t\t<\/div>\n\t\t<div class=\"elementor-element elementor-element-8574376 e-con-full e-flex wpr-particle-no wpr-jarallax-no wpr-parallax-no wpr-sticky-section-no wpr-equal-height-no e-con e-parent\" data-id=\"8574376\" data-element_type=\"container\" data-e-type=\"container\">\n\t\t<div class=\"elementor-element elementor-element-869c352 e-con-full e-flex wpr-particle-no wpr-jarallax-no wpr-parallax-no wpr-sticky-section-no wpr-equal-height-no e-con e-child\" data-id=\"869c352\" data-element_type=\"container\" data-e-type=\"container\">\n\t\t\t\t<div class=\"elementor-element elementor-element-03a829f wpr-main-menu-align-center elementor-widget__width-initial wpr-main-menu-align--tabletleft wpr-main-menu-align--mobileleft wpr-pointer-underline wpr-pointer-line-fx wpr-pointer-fx-fade wpr-sub-icon-caret-down wpr-sub-menu-fx-fade wpr-nav-menu-bp-mobile wpr-mobile-menu-full-width wpr-mobile-menu-item-align-center wpr-mobile-toggle-v1 wpr-sub-divider-yes wpr-mobile-divider-yes elementor-widget elementor-widget-wpr-nav-menu\" data-id=\"03a829f\" data-element_type=\"widget\" data-e-type=\"widget\" data-settings=\"{&quot;menu_layout&quot;:&quot;horizontal&quot;}\" data-widget_type=\"wpr-nav-menu.default\">\n\t\t\t\t\t<nav class=\"wpr-nav-menu-container wpr-nav-menu-horizontal\" data-trigger=\"hover\" data-consider-header=\"\" data-scroll-speed=\"500\"><ul id=\"menu-1-03a829f\" class=\"wpr-nav-menu\"><li class=\"menu-item menu-item-type-post_type menu-item-object-page menu-item-home menu-item-457\"><a href=\"https:\/\/concept-fermetures-corse.fr\/\" class=\"wpr-menu-item wpr-pointer-item\">Accueil<\/a><\/li>\n<li class=\"menu-item menu-item-type-post_type menu-item-object-page menu-item-486\"><a href=\"https:\/\/concept-fermetures-corse.fr\/?page_id=469\" class=\"wpr-menu-item wpr-pointer-item\">\u00c0 propos de nous<\/a><\/li>\n<li class=\"menu-item menu-item-type-post_type menu-item-object-page menu-item-458\"><a href=\"https:\/\/concept-fermetures-corse.fr\/?page_id=119\" class=\"wpr-menu-item wpr-pointer-item\">Aluminium haute qualit\u00e9<\/a><\/li>\n<li class=\"menu-item menu-item-type-post_type menu-item-object-page menu-item-484\"><a href=\"https:\/\/concept-fermetures-corse.fr\/?page_id=473\" class=\"wpr-menu-item wpr-pointer-item\">Nos R\u00e9alisations<\/a><\/li>\n<li class=\"menu-item menu-item-type-post_type menu-item-object-page menu-item-485\"><a href=\"https:\/\/concept-fermetures-corse.fr\/?page_id=471\" class=\"wpr-menu-item wpr-pointer-item\">L&rsquo;atelier<\/a><\/li>\n<li class=\"menu-item menu-item-type-post_type menu-item-object-page menu-item-460\"><a href=\"https:\/\/concept-fermetures-corse.fr\/?page_id=62\" class=\"wpr-menu-item wpr-pointer-item\">Nos Services<\/a><\/li>\n<li class=\"menu-item menu-item-type-post_type menu-item-object-page menu-item-459\"><a href=\"https:\/\/concept-fermetures-corse.fr\/?page_id=89\" class=\"wpr-menu-item wpr-pointer-item\">Nous contacter<\/a><\/li>\n<\/ul><\/nav><nav class=\"wpr-mobile-nav-menu-container\"><div class=\"wpr-mobile-toggle-wrap\"><div class=\"wpr-mobile-toggle\"><span class=\"wpr-mobile-toggle-line\"><\/span><span class=\"wpr-mobile-toggle-line\"><\/span><span class=\"wpr-mobile-toggle-line\"><\/span><\/div><\/div><ul id=\"mobile-menu-2-03a829f\" class=\"wpr-mobile-nav-menu\"><li class=\"menu-item menu-item-type-post_type menu-item-object-page menu-item-home menu-item-457\"><a href=\"https:\/\/concept-fermetures-corse.fr\/\" class=\"wpr-mobile-menu-item\">Accueil<\/a><\/li>\n<li class=\"menu-item menu-item-type-post_type menu-item-object-page menu-item-486\"><a href=\"https:\/\/concept-fermetures-corse.fr\/?page_id=469\" class=\"wpr-mobile-menu-item\">\u00c0 propos de nous<\/a><\/li>\n<li class=\"menu-item menu-item-type-post_type menu-item-object-page menu-item-458\"><a href=\"https:\/\/concept-fermetures-corse.fr\/?page_id=119\" class=\"wpr-mobile-menu-item\">Aluminium haute qualit\u00e9<\/a><\/li>\n<li class=\"menu-item menu-item-type-post_type menu-item-object-page menu-item-484\"><a href=\"https:\/\/concept-fermetures-corse.fr\/?page_id=473\" class=\"wpr-mobile-menu-item\">Nos R\u00e9alisations<\/a><\/li>\n<li class=\"menu-item menu-item-type-post_type menu-item-object-page menu-item-485\"><a href=\"https:\/\/concept-fermetures-corse.fr\/?page_id=471\" class=\"wpr-mobile-menu-item\">L&rsquo;atelier<\/a><\/li>\n<li class=\"menu-item menu-item-type-post_type menu-item-object-page menu-item-460\"><a href=\"https:\/\/concept-fermetures-corse.fr\/?page_id=62\" class=\"wpr-mobile-menu-item\">Nos Services<\/a><\/li>\n<li class=\"menu-item menu-item-type-post_type menu-item-object-page menu-item-459\"><a href=\"https:\/\/concept-fermetures-corse.fr\/?page_id=89\" class=\"wpr-mobile-menu-item\">Nous contacter<\/a><\/li>\n<\/ul><\/nav>\t\t\t\t<\/div>\n\t\t\t\t<\/div>\n\t\t\t\t<\/div>\n\t\t\t\t<section class=\"elementor-section elementor-top-section elementor-element elementor-element-1e6c6ca1 elementor-section-boxed elementor-section-height-default elementor-section-height-default wpr-particle-no wpr-jarallax-no wpr-parallax-no wpr-sticky-section-no wpr-equal-height-no\" data-id=\"1e6c6ca1\" data-element_type=\"section\" data-e-type=\"section\" data-settings=\"{&quot;background_background&quot;:&quot;classic&quot;}\">\n\t\t\t\t\t\t<div class=\"elementor-container elementor-column-gap-default\">\n\t\t\t\t\t<div class=\"elementor-column elementor-col-100 elementor-top-column elementor-element elementor-element-15f54ae\" data-id=\"15f54ae\" data-element_type=\"column\" data-e-type=\"column\">\n\t\t\t<div class=\"elementor-widget-wrap elementor-element-populated\">\n\t\t\t\t<div class=\"elementor-element elementor-element-d639d42 e-flex e-con-boxed wpr-particle-no wpr-jarallax-no wpr-parallax-no wpr-sticky-section-no wpr-equal-height-no e-con e-parent\" data-id=\"d639d42\" data-element_type=\"container\" data-e-type=\"container\">\n\t\t\t\t\t<div class=\"e-con-inner\">\n\t\t\t\t<div class=\"elementor-element elementor-element-f2aa1b9 elementor-widget elementor-widget-heading\" data-id=\"f2aa1b9\" data-element_type=\"widget\" data-e-type=\"widget\" data-widget_type=\"heading.default\">\n\t\t\t\t\t<h1 class=\"elementor-heading-title elementor-size-default\">Volets roulants pour particuliers et professionnels\n\"Installation sur mesure\"<\/h1>\t\t\t\t<\/div>\n\t\t\t\t<div class=\"elementor-element elementor-element-51ee7ad elementor-widget elementor-widget-text-editor\" data-id=\"51ee7ad\" data-element_type=\"widget\" data-e-type=\"widget\" data-widget_type=\"text-editor.default\">\n\t\t\t\t\t\t\t\t\t<p><span class=\"desktop-font-size-18\">Des solutions adapt\u00e9es aux particuliers et aux professionnels<\/span><\/p>\t\t\t\t\t\t\t\t<\/div>\n\t\t\t\t\t<\/div>\n\t\t\t\t<\/div>\n\t\t\t\t<div class=\"elementor-element elementor-element-323845d elementor-widget elementor-widget-image\" data-id=\"323845d\" data-element_type=\"widget\" data-e-type=\"widget\" data-widget_type=\"image.default\">\n\t\t\t\t\t\t\t\t\t\t\t\t\t\t\t<img decoding=\"async\" width=\"1024\" height=\"806\" src=\"https:\/\/concept-fermetures-corse.fr\/wp-content\/uploads\/2026\/03\/Volet-Pub.webp\" class=\"attachment-large size-large wp-image-504\" alt=\"\" srcset=\"https:\/\/concept-fermetures-corse.fr\/wp-content\/uploads\/2026\/03\/Volet-Pub.webp 1024w, https:\/\/concept-fermetures-corse.fr\/wp-content\/uploads\/2026\/03\/Volet-Pub-300x236.webp 300w, https:\/\/concept-fermetures-corse.fr\/wp-content\/uploads\/2026\/03\/Volet-Pub-768x605.webp 768w\" sizes=\"(max-width: 1024px) 100vw, 1024px\" \/>\t\t\t\t\t\t\t\t\t\t\t\t\t\t\t<\/div>\n\t\t\t\t\t<\/div>\n\t\t<\/div>\n\t\t\t\t\t<\/div>\n\t\t<\/section>\n\t\t\t\t<section class=\"elementor-section elementor-top-section elementor-element elementor-element-50ee18f9 elementor-section-boxed elementor-section-height-default elementor-section-height-default wpr-particle-no wpr-jarallax-no wpr-parallax-no wpr-sticky-section-no wpr-equal-height-no\" data-id=\"50ee18f9\" data-element_type=\"section\" data-e-type=\"section\" data-settings=\"{&quot;background_background&quot;:&quot;classic&quot;}\">\n\t\t\t\t\t\t<div class=\"elementor-container elementor-column-gap-default\">\n\t\t\t\t\t<div class=\"elementor-column elementor-col-50 elementor-top-column elementor-element elementor-element-65e8cdfc\" data-id=\"65e8cdfc\" data-element_type=\"column\" data-e-type=\"column\">\n\t\t\t<div class=\"elementor-widget-wrap elementor-element-populated\">\n\t\t\t\t\t\t<div class=\"elementor-element elementor-element-7059dbc9 elementor-widget elementor-widget-heading\" data-id=\"7059dbc9\" data-element_type=\"widget\" data-e-type=\"widget\" data-widget_type=\"heading.default\">\n\t\t\t\t\t<h1 class=\"elementor-heading-title elementor-size-default\">Nos Services<\/h1>\t\t\t\t<\/div>\n\t\t\t\t<div class=\"elementor-element elementor-element-2b3051be elementor-widget elementor-widget-text-editor\" data-id=\"2b3051be\" data-element_type=\"widget\" data-e-type=\"widget\" data-widget_type=\"text-editor.default\">\n\t\t\t\t\t\t\t\t\t<div style=\"color:#333333\"><p>Chaque habitat est unique, c\u2019est pourquoi nos volets roulants sont pens\u00e9s et fabriqu\u00e9s sur mesure. Nous r\u00e9alisons une prise de cotes pr\u00e9cise et apportons un conseil technique adapt\u00e9 \u00e0 vos besoins.<\/p><\/div>\t\t\t\t\t\t\t\t<\/div>\n\t\t\t\t<div class=\"elementor-element elementor-element-36e8aa56 elementor-align-center elementor-button-custom elementor-widget elementor-widget-button\" data-id=\"36e8aa56\" data-element_type=\"widget\" data-e-type=\"widget\" data-widget_type=\"button.default\">\n\t\t\t\t\t\t\t\t\t\t<a class=\"elementor-button elementor-button-link elementor-size-lg elementor-animation-grow\" href=\"#devis\">\n\t\t\t\t\t\t<span class=\"elementor-button-content-wrapper\">\n\t\t\t\t\t\t\t\t\t<span class=\"elementor-button-text\">Demander un devis<\/span>\n\t\t\t\t\t<\/span>\n\t\t\t\t\t<\/a>\n\t\t\t\t\t\t\t\t<\/div>\n\t\t\t\t\t<\/div>\n\t\t<\/div>\n\t\t\t\t<div class=\"elementor-column elementor-col-50 elementor-top-column elementor-element elementor-element-62a317f\" data-id=\"62a317f\" data-element_type=\"column\" data-e-type=\"column\">\n\t\t\t<div class=\"elementor-widget-wrap elementor-element-populated\">\n\t\t\t\t\t\t<div class=\"elementor-element elementor-element-2007d375 elementor-widget elementor-widget-heading\" data-id=\"2007d375\" data-element_type=\"widget\" data-e-type=\"widget\" data-widget_type=\"heading.default\">\n\t\t\t\t\t<h2 class=\"elementor-heading-title elementor-size-default\">Votre projet, notre expertise<\/h2>\t\t\t\t<\/div>\n\t\t\t\t<div class=\"elementor-element elementor-element-7f2360f0 elementor-widget elementor-widget-text-editor\" data-id=\"7f2360f0\" data-element_type=\"widget\" data-e-type=\"widget\" data-widget_type=\"text-editor.default\">\n\t\t\t\t\t\t\t\t\t<div style=\"color:#333333\"><p>Contactez-nous d\u00e8s aujourd\u2019hui pour b\u00e9n\u00e9ficier d\u2019une \u00e9tude personnalis\u00e9e et d\u2019un accompagnement complet dans la fabrication et la pose de vos volets roulants sur mesure.<\/p><\/div>\t\t\t\t\t\t\t\t<\/div>\n\t\t\t\t<div class=\"elementor-element elementor-element-6fbee580 elementor-align-center elementor-button-custom elementor-widget elementor-widget-button\" data-id=\"6fbee580\" data-element_type=\"widget\" data-e-type=\"widget\" data-widget_type=\"button.default\">\n\t\t\t\t\t\t\t\t\t\t<a class=\"elementor-button elementor-button-link elementor-size-lg elementor-animation-grow\" href=\"#devis\">\n\t\t\t\t\t\t<span class=\"elementor-button-content-wrapper\">\n\t\t\t\t\t\t\t\t\t<span class=\"elementor-button-text\">Obtenir mon devis gratuit<\/span>\n\t\t\t\t\t<\/span>\n\t\t\t\t\t<\/a>\n\t\t\t\t\t\t\t\t<\/div>\n\t\t\t\t\t<\/div>\n\t\t<\/div>\n\t\t\t\t\t<\/div>\n\t\t<\/section>\n\t\t<div class=\"elementor-element elementor-element-192b1f2 e-flex e-con-boxed wpr-particle-no wpr-jarallax-no wpr-parallax-no wpr-sticky-section-no wpr-equal-height-no e-con e-parent\" data-id=\"192b1f2\" data-element_type=\"container\" data-e-type=\"container\">\n\t\t\t\t\t<div class=\"e-con-inner\">\n\t\t\t\t<div class=\"elementor-element elementor-element-93d0da0 elementor-widget elementor-widget-text-editor\" data-id=\"93d0da0\" data-element_type=\"widget\" data-e-type=\"widget\" data-widget_type=\"text-editor.default\">\n\t\t\t\t\t\t\t\t\t<p>Chez\u00a0<strong>Concept-Fermetures<\/strong>, nous proposons la fabrication, la motorisation et l\u2019installation de volets roulants sur mesure aussi bien pour les particuliers que pour les professionnels. Chaque projet est \u00e9tudi\u00e9 avec attention afin d\u2019apporter une solution fiable, esth\u00e9tique et durable, parfaitement adapt\u00e9e aux besoins de chaque b\u00e2timent.<\/p><p>Pour les particuliers, les solutions propos\u00e9es par\u00a0<strong>Concept-Fermetures<\/strong>\u00a0permettent d\u2019am\u00e9liorer le confort de l\u2019habitation en renfor\u00e7ant l\u2019isolation thermique et phonique tout en augmentant la s\u00e9curit\u00e9 du logement. Nos volets roulants sur mesure s\u2019int\u00e8grent harmonieusement \u00e0 tous types d\u2019architectures, que ce soit pour une construction neuve, une r\u00e9novation ou le remplacement d\u2019un volet existant.<\/p><p>Pour les professionnels,\u00a0<strong>Concept-Fermetures<\/strong>\u00a0accompagne \u00e9galement les commerces, bureaux, b\u00e2timents industriels et collectivit\u00e9s dans la mise en place de solutions de fermeture fiables et durables. Les volets roulants permettent de s\u00e9curiser les vitrines, les acc\u00e8s et les zones sensibles tout en am\u00e9liorant la gestion de la lumi\u00e8re et de la temp\u00e9rature dans les locaux.<\/p><p>Gr\u00e2ce au savoir-faire de\u00a0<strong>Concept-Fermetures<\/strong>\u00a0et \u00e0 la fabrication sur mesure r\u00e9alis\u00e9e en atelier, nous sommes en mesure de r\u00e9pondre \u00e0 tous types de projets : du simple remplacement d\u2019un volet roulant jusqu\u2019\u00e0 l\u2019\u00e9quipement complet d\u2019un b\u00e2timent. Chaque installation est r\u00e9alis\u00e9e avec rigueur afin de garantir une solution performante, durable et adapt\u00e9e aux attentes de nos clients.<\/p>\t\t\t\t\t\t\t\t<\/div>\n\t\t\t\t\t<\/div>\n\t\t\t\t<\/div>\n\t\t<div class=\"elementor-element elementor-element-9abdd14 e-flex e-con-boxed wpr-particle-no wpr-jarallax-no wpr-parallax-no wpr-sticky-section-no wpr-equal-height-no e-con e-parent\" data-id=\"9abdd14\" data-element_type=\"container\" data-e-type=\"container\">\n\t\t\t\t\t<div class=\"e-con-inner\">\n\t\t<div class=\"elementor-element elementor-element-1db505c e-grid e-con-full wpr-particle-no wpr-jarallax-no wpr-parallax-no wpr-sticky-section-no wpr-equal-height-no e-con e-child\" data-id=\"1db505c\" data-element_type=\"container\" data-e-type=\"container\">\n\t\t\t\t<div class=\"elementor-element elementor-element-a12e159 elementor-widget elementor-widget-text-editor\" data-id=\"a12e159\" data-element_type=\"widget\" data-e-type=\"widget\" data-widget_type=\"text-editor.default\">\n\t\t\t\t\t\t\t\t\t<div class=\"module-container-custom module-container-root\"><div class=\"heading-module-3bb37eeb-066b-4cbf-aa3b-65a907a8f972 heading-root\"><div><h3><strong>Pour les professionnels<\/strong><\/h3><\/div><\/div><\/div>\t\t\t\t\t\t\t\t<\/div>\n\t\t\t\t<div class=\"elementor-element elementor-element-6385c68 elementor-widget elementor-widget-text-editor\" data-id=\"6385c68\" data-element_type=\"widget\" data-e-type=\"widget\" data-widget_type=\"text-editor.default\">\n\t\t\t\t\t\t\t\t\t<div class=\"module-container-custom module-container-root\"><div class=\"heading-module-32fada47-b729-4b6a-b671-fced9e3edc54 heading-root\"><div><h3><strong>Pour les particuliers<\/strong><\/h3><\/div><\/div><\/div>\t\t\t\t\t\t\t\t<\/div>\n\t\t\t\t<div class=\"elementor-element elementor-element-76bfe77 elementor-widget elementor-widget-text-editor\" data-id=\"76bfe77\" data-element_type=\"widget\" data-e-type=\"widget\" data-widget_type=\"text-editor.default\">\n\t\t\t\t\t\t\t\t\t<div class=\"module-container-custom module-container-root\"><div class=\"heading-module-be01e4cb-4886-4f7e-96c9-fb378b927187 heading-root\"><div><h3><strong>Fabrication sur mesure<\/strong><\/h3><\/div><\/div><\/div>\t\t\t\t\t\t\t\t<\/div>\n\t\t\t\t<div class=\"elementor-element elementor-element-f43ff2b elementor-widget elementor-widget-text-editor\" data-id=\"f43ff2b\" data-element_type=\"widget\" data-e-type=\"widget\" data-widget_type=\"text-editor.default\">\n\t\t\t\t\t\t\t\t\t<p>Nous r\u00e9alisons \u00e9galement l\u2019installation de volets roulants pour commerces, bureaux, b\u00e2timents industriels et locaux professionnels. Nos solutions permettent de s\u00e9curiser les acc\u00e8s, de prot\u00e9ger les vitrines et d\u2019am\u00e9liorer la gestion de la lumi\u00e8re et de la temp\u00e9rature dans les espaces de travail.<\/p>\t\t\t\t\t\t\t\t<\/div>\n\t\t\t\t<div class=\"elementor-element elementor-element-e0a83e5 elementor-widget elementor-widget-text-editor\" data-id=\"e0a83e5\" data-element_type=\"widget\" data-e-type=\"widget\" data-widget_type=\"text-editor.default\">\n\t\t\t\t\t\t\t\t\t<p>Nos volets roulants am\u00e9liorent le confort de votre habitation en renfor\u00e7ant l\u2019isolation thermique et phonique tout en augmentant la s\u00e9curit\u00e9 de votre logement. Nous proposons des volets roulants manuels ou motoris\u00e9s, adapt\u00e9s aux maisons, appartements et r\u00e9novations.<\/p>\t\t\t\t\t\t\t\t<\/div>\n\t\t\t\t<div class=\"elementor-element elementor-element-12f1bde elementor-widget elementor-widget-text-editor\" data-id=\"12f1bde\" data-element_type=\"widget\" data-e-type=\"widget\" data-widget_type=\"text-editor.default\">\n\t\t\t\t\t\t\t\t\t<p>Chez\u00a0<strong>Concept-Fermetures<\/strong>, chaque volet roulant est pr\u00e9par\u00e9 et ajust\u00e9 directement dans notre atelier. Cette fabrication sur mesure nous permet d\u2019adapter parfaitement chaque installation aux dimensions et aux contraintes de votre b\u00e2timent.<\/p>\t\t\t\t\t\t\t\t<\/div>\n\t\t\t\t<\/div>\n\t\t\t\t\t<\/div>\n\t\t\t\t<\/div>\n\t\t\t\t<\/div>\n\t\t","protected":false},"excerpt":{"rendered":"<p>Des solutions pour vos fermetures de maison &amp; Villa ! Accueil \u00c0 propos de nous Aluminium haute qualit\u00e9 Nos R\u00e9alisations L&rsquo;atelier Nos Services Politique de confidentialit\u00e9 Avis juridique Nous contacter Accueil \u00c0 propos de nous Aluminium haute qualit\u00e9 Nos R\u00e9alisations L&rsquo;atelier Nos Services Politique de confidentialit\u00e9 Avis juridique Nous contacter Volets roulants pour particuliers et professionnels \u00ab\u00a0Installation sur mesure\u00a0\u00bb Des solutions adapt\u00e9es aux particuliers et aux professionnels Nos Services Chaque habitat est unique, c\u2019est pourquoi nos volets roulants sont pens\u00e9s et fabriqu\u00e9s sur mesure. Nous r\u00e9alisons une prise de cotes pr\u00e9cise et apportons un conseil technique adapt\u00e9 \u00e0 vos besoins. Demander un devis Votre projet, notre expertise Contactez-nous d\u00e8s aujourd\u2019hui pour b\u00e9n\u00e9ficier d\u2019une \u00e9tude personnalis\u00e9e et d\u2019un accompagnement complet dans la fabrication et la pose de vos volets roulants sur mesure. Obtenir mon devis gratuit Chez\u00a0Concept-Fermetures, nous proposons la fabrication, la motorisation et l\u2019installation de volets roulants sur mesure aussi bien pour les particuliers que pour les professionnels. Chaque projet est \u00e9tudi\u00e9 avec attention afin d\u2019apporter une solution fiable, esth\u00e9tique et durable, parfaitement adapt\u00e9e aux besoins de chaque b\u00e2timent. Pour les particuliers, les solutions propos\u00e9es par\u00a0Concept-Fermetures\u00a0permettent d\u2019am\u00e9liorer le confort de l\u2019habitation en renfor\u00e7ant l\u2019isolation thermique et phonique tout en augmentant la s\u00e9curit\u00e9 du logement. Nos volets roulants sur mesure s\u2019int\u00e8grent harmonieusement \u00e0 tous types d\u2019architectures, que ce soit pour une construction neuve, une r\u00e9novation ou le remplacement d\u2019un volet existant. Pour les professionnels,\u00a0Concept-Fermetures\u00a0accompagne \u00e9galement les commerces, bureaux, b\u00e2timents industriels et collectivit\u00e9s dans la mise en place de solutions de fermeture fiables et durables. Les volets roulants permettent de s\u00e9curiser les vitrines, les acc\u00e8s et les zones sensibles tout en am\u00e9liorant la gestion de la lumi\u00e8re et de la temp\u00e9rature dans les locaux. Gr\u00e2ce au savoir-faire de\u00a0Concept-Fermetures\u00a0et \u00e0 la fabrication sur mesure r\u00e9alis\u00e9e en atelier, nous sommes en mesure de r\u00e9pondre \u00e0 tous types de projets : du simple remplacement d\u2019un volet roulant jusqu\u2019\u00e0 l\u2019\u00e9quipement complet d\u2019un b\u00e2timent. Chaque installation est r\u00e9alis\u00e9e avec rigueur afin de garantir une solution performante, durable et adapt\u00e9e aux attentes de nos clients. Pour les professionnels Pour les particuliers Fabrication sur mesure Nous r\u00e9alisons \u00e9galement l\u2019installation de volets roulants pour commerces, bureaux, b\u00e2timents industriels et locaux professionnels. Nos solutions permettent de s\u00e9curiser les acc\u00e8s, de prot\u00e9ger les vitrines et d\u2019am\u00e9liorer la gestion de la lumi\u00e8re et de la temp\u00e9rature dans les espaces de travail. Nos volets roulants am\u00e9liorent le confort de votre habitation en renfor\u00e7ant l\u2019isolation thermique et phonique tout en augmentant la s\u00e9curit\u00e9 de votre logement. Nous proposons des volets roulants manuels ou motoris\u00e9s, adapt\u00e9s aux maisons, appartements et r\u00e9novations. Chez\u00a0Concept-Fermetures, chaque volet roulant est pr\u00e9par\u00e9 et ajust\u00e9 directement dans notre atelier. Cette fabrication sur mesure nous permet d\u2019adapter parfaitement chaque installation aux dimensions et aux contraintes de votre b\u00e2timent.<\/p>\n","protected":false},"author":1,"featured_media":0,"parent":0,"menu_order":0,"comment_status":"closed","ping_status":"closed","template":"elementor_header_footer","meta":{"footnotes":""},"class_list":["post-62","page","type-page","status-publish","hentry","entry"],"_links":{"self":[{"href":"https:\/\/concept-fermetures-corse.fr\/index.php?rest_route=\/wp\/v2\/pages\/62","targetHints":{"allow":["GET"]}}],"collection":[{"href":"https:\/\/concept-fermetures-corse.fr\/index.php?rest_route=\/wp\/v2\/pages"}],"about":[{"href":"https:\/\/concept-fermetures-corse.fr\/index.php?rest_route=\/wp\/v2\/types\/page"}],"author":[{"embeddable":true,"href":"https:\/\/concept-fermetures-corse.fr\/index.php?rest_route=\/wp\/v2\/users\/1"}],"replies":[{"embeddable":true,"href":"https:\/\/concept-fermetures-corse.fr\/index.php?rest_route=%2Fwp%2Fv2%2Fcomments&post=62"}],"version-history":[{"count":33,"href":"https:\/\/concept-fermetures-corse.fr\/index.php?rest_route=\/wp\/v2\/pages\/62\/revisions"}],"predecessor-version":[{"id":593,"href":"https:\/\/concept-fermetures-corse.fr\/index.php?rest_route=\/wp\/v2\/pages\/62\/revisions\/593"}],"wp:attachment":[{"href":"https:\/\/concept-fermetures-corse.fr\/index.php?rest_route=%2Fwp%2Fv2%2Fmedia&parent=62"}],"curies":[{"name":"wp","href":"https:\/\/api.w.org\/{rel}","templated":true}]}}